{"id":48,"date":"2024-04-02T17:55:23","date_gmt":"2024-04-02T17:55:23","guid":{"rendered":"https:\/\/www.brunobritto.com.br\/?page_id=48"},"modified":"2024-04-19T19:38:40","modified_gmt":"2024-04-19T19:38:40","slug":"sobre","status":"publish","type":"page","link":"https:\/\/www.brunobritto.com.br\/index.php\/sobre\/","title":{"rendered":"Sobre"},"content":{"rendered":"\t\t<div data-elementor-type=\"wp-page\" data-elementor-id=\"48\" class=\"elementor elementor-48\" data-elementor-post-type=\"page\">\n\t\t\t\t<div class=\"elementor-element elementor-element-a498057 e-flex e-con-boxed e-con e-parent\" data-id=\"a498057\" data-element_type=\"container\" data-settings=\"{&quot;background_background&quot;:&quot;classic&quot;}\">\n\t\t\t\t\t<div class=\"e-con-inner\">\n\t\t\t\t<div class=\"elementor-element elementor-element-657dd74 elementor-widget elementor-widget-heading\" data-id=\"657dd74\" data-element_type=\"widget\" data-widget_type=\"heading.default\">\n\t\t\t\t<div class=\"elementor-widget-container\">\n\t\t\t\t\t<h2 class=\"elementor-heading-title elementor-size-default\">Saiba mais sobre Bruno Britto <br>e sua trajet\u00f3ria<\/h2>\t\t\t\t<\/div>\n\t\t\t\t<\/div>\n\t\t\t\t<div class=\"elementor-element elementor-element-cc17df5 elementor-widget-divider--view-line elementor-widget elementor-widget-divider\" data-id=\"cc17df5\" data-element_type=\"widget\" data-widget_type=\"divider.default\">\n\t\t\t\t<div class=\"elementor-widget-container\">\n\t\t\t\t\t\t\t<div class=\"elementor-divider\">\n\t\t\t<span class=\"elementor-divider-separator\">\n\t\t\t\t\t\t<\/span>\n\t\t<\/div>\n\t\t\t\t\t\t<\/div>\n\t\t\t\t<\/div>\n\t\t\t\t\t<\/div>\n\t\t\t\t<\/div>\n\t\t<div class=\"elementor-element elementor-element-ea89074 e-flex e-con-boxed e-con e-parent\" data-id=\"ea89074\" data-element_type=\"container\" data-settings=\"{&quot;background_background&quot;:&quot;classic&quot;}\">\n\t\t\t\t\t<div class=\"e-con-inner\">\n\t\t<div class=\"elementor-element elementor-element-12b8fc6 e-con-full e-flex e-con e-child\" data-id=\"12b8fc6\" data-element_type=\"container\">\n\t\t\t\t<div class=\"elementor-element elementor-element-974d4ee elementor-hidden-desktop elementor-widget elementor-widget-image\" data-id=\"974d4ee\" data-element_type=\"widget\" data-widget_type=\"image.default\">\n\t\t\t\t<div class=\"elementor-widget-container\">\n\t\t\t\t\t\t\t\t\t\t\t\t\t\t\t<img fetchpriority=\"high\" decoding=\"async\" width=\"477\" height=\"567\" src=\"https:\/\/www.brunobritto.com.br\/wp-content\/uploads\/2024\/04\/foto-bruno-2.webp\" class=\"attachment-large size-large wp-image-295\" alt=\"\" srcset=\"https:\/\/www.brunobritto.com.br\/wp-content\/uploads\/2024\/04\/foto-bruno-2.webp 477w, https:\/\/www.brunobritto.com.br\/wp-content\/uploads\/2024\/04\/foto-bruno-2-252x300.webp 252w\" sizes=\"(max-width: 477px) 100vw, 477px\" \/>\t\t\t\t\t\t\t\t\t\t\t\t\t\t\t<\/div>\n\t\t\t\t<\/div>\n\t\t\t\t<div class=\"elementor-element elementor-element-10a2f22 elementor-hidden-desktop elementor-widget elementor-widget-spacer\" data-id=\"10a2f22\" data-element_type=\"widget\" data-widget_type=\"spacer.default\">\n\t\t\t\t<div class=\"elementor-widget-container\">\n\t\t\t\t\t\t\t<div class=\"elementor-spacer\">\n\t\t\t<div class=\"elementor-spacer-inner\"><\/div>\n\t\t<\/div>\n\t\t\t\t\t\t<\/div>\n\t\t\t\t<\/div>\n\t\t\t\t<div class=\"elementor-element elementor-element-4b8368f elementor-widget elementor-widget-text-editor\" data-id=\"4b8368f\" data-element_type=\"widget\" data-widget_type=\"text-editor.default\">\n\t\t\t\t<div class=\"elementor-widget-container\">\n\t\t\t\t\t\t\t\t\t<p>Experi\u00eancia musical em sua pura e m\u00e1xima ess\u00eancia! \u00c9 isso que voc\u00ea encontra quando me visita aqui.<\/p><p>Sei que buscamos nos divertir, distrairmos nossas mentes e nos realizarmos por meio da m\u00fasica, mas n\u00e3o se resume apenas a isso, visto que trago interpreta\u00e7\u00f5es de grandes cl\u00e1ssicos do pop e do rock nacional, para que voc\u00ea desbloqueie suas mem\u00f3rias e se sinta novamente como foi aquela ocasi\u00e3o especial, aquele arrepio no bra\u00e7o, o frio na barriga, o primeiro beijo, a festa inesquec\u00edvel ou mesmo aqueles amigos que voc\u00ea n\u00e3o encontra mais.<\/p><p>Al\u00e9m disso, quem sabe ouvir novamente aquela m\u00fasica marcante que seus pais gostavam e que tal, a trilha sonora da pessoa amada que ficou pra tr\u00e1s, mas que deixou, l\u00e1 no fundo do cora\u00e7\u00e3o, aquela sensa\u00e7\u00e3o boa de nostalgia! Te garanto tudo isso, demonstrado com um sentimento diferenciado junto com um alto n\u00edvel de dedica\u00e7\u00e3o.<\/p><p>E tem mais: voc\u00ea ter\u00e1 tamb\u00e9m, em forma de m\u00fasica, uma paix\u00e3o incondicional \u00e0 minha profiss\u00e3o, recheado de perseveran\u00e7a e sentimento de humildade. Por\u00e9m, n\u00e3o esperem de mim pulos excessivos e dan\u00e7as mirabolantes, pois eu sou somente um \u201cgaroto\u201d acima dos 40 anos que s\u00f3 quer cantar e te encantar.<\/p><p>Saiba tamb\u00e9m que eu nunca estou sozinho. Tenho mais 3 pessoas maravilhosas que empunham seus instrumentos musicais e que est\u00e3o ao meu lado, dedicando-se 100% para que o show seja assim: \u00daNICO!<\/p><p>Nesse breve relato, (at\u00e9 um pouco pessoal diga-se de passagem), abro meu cora\u00e7\u00e3o, pois a m\u00fasica nos une de uma maneira t\u00e3o \u00edntima e sens\u00edvel, que n\u00e3o tem o porqu\u00ea eu ser diferente!<\/p><p>Seja voc\u00ea um contratante, admirador, cr\u00edtico ou somente um curioso. N\u00e3o importa! Pra mim, independentemente, voc\u00ea \u00e9 especial!<\/p><p>Muito obrigado por estar aqui dedicando um tempinho \u00e0 minha pessoa e ao meu trabalho. Voc\u00ea n\u00e3o tem no\u00e7\u00e3o o quanto me sinto bem e feliz!<\/p><p>Um abra\u00e7o!<\/p>\t\t\t\t\t\t\t\t<\/div>\n\t\t\t\t<\/div>\n\t\t\t\t<div class=\"elementor-element elementor-element-c00e1b0 elementor-align-center elementor-widget elementor-widget-button\" data-id=\"c00e1b0\" data-element_type=\"widget\" data-widget_type=\"button.default\">\n\t\t\t\t<div class=\"elementor-widget-container\">\n\t\t\t\t\t\t\t\t\t<div class=\"elementor-button-wrapper\">\n\t\t\t\t\t<a class=\"elementor-button elementor-button-link elementor-size-sm elementor-animation-grow\" href=\"https:\/\/api.whatsapp.com\/send?phone=5517982041272&#038;text=Ol%C3%A1,%20tenho%20interesse%20em%20contratar%20a%20Banda%20Bruno%20Britto!\">\n\t\t\t\t\t\t<span class=\"elementor-button-content-wrapper\">\n\t\t\t\t\t\t\t\t\t<span class=\"elementor-button-text\">QUERO FAZER PARTE DESSA HIST\u00d3RIA!<\/span>\n\t\t\t\t\t<\/span>\n\t\t\t\t\t<\/a>\n\t\t\t\t<\/div>\n\t\t\t\t\t\t\t\t<\/div>\n\t\t\t\t<\/div>\n\t\t\t\t<\/div>\n\t\t<div class=\"elementor-element elementor-element-61a7e33 e-con-full e-flex e-con e-child\" data-id=\"61a7e33\" data-element_type=\"container\">\n\t\t\t\t<div class=\"elementor-element elementor-element-2556922 elementor-hidden-tablet elementor-hidden-mobile elementor-widget elementor-widget-image\" data-id=\"2556922\" data-element_type=\"widget\" data-widget_type=\"image.default\">\n\t\t\t\t<div class=\"elementor-widget-container\">\n\t\t\t\t\t\t\t\t\t\t\t\t\t\t\t<img decoding=\"async\" width=\"456\" height=\"538\" src=\"https:\/\/www.brunobritto.com.br\/wp-content\/uploads\/2024\/04\/foto-bruno-1.webp\" class=\"attachment-large size-large wp-image-294\" alt=\"\" srcset=\"https:\/\/www.brunobritto.com.br\/wp-content\/uploads\/2024\/04\/foto-bruno-1.webp 456w, https:\/\/www.brunobritto.com.br\/wp-content\/uploads\/2024\/04\/foto-bruno-1-254x300.webp 254w\" sizes=\"(max-width: 456px) 100vw, 456px\" \/>\t\t\t\t\t\t\t\t\t\t\t\t\t\t\t<\/div>\n\t\t\t\t<\/div>\n\t\t\t\t<div class=\"elementor-element elementor-element-f3fdd18 elementor-hidden-tablet elementor-hidden-mobile elementor-widget elementor-widget-image\" data-id=\"f3fdd18\" data-element_type=\"widget\" data-widget_type=\"image.default\">\n\t\t\t\t<div class=\"elementor-widget-container\">\n\t\t\t\t\t\t\t\t\t\t\t\t\t\t\t<img fetchpriority=\"high\" decoding=\"async\" width=\"477\" height=\"567\" src=\"https:\/\/www.brunobritto.com.br\/wp-content\/uploads\/2024\/04\/foto-bruno-2.webp\" class=\"attachment-large size-large wp-image-295\" alt=\"\" srcset=\"https:\/\/www.brunobritto.com.br\/wp-content\/uploads\/2024\/04\/foto-bruno-2.webp 477w, https:\/\/www.brunobritto.com.br\/wp-content\/uploads\/2024\/04\/foto-bruno-2-252x300.webp 252w\" sizes=\"(max-width: 477px) 100vw, 477px\" \/>\t\t\t\t\t\t\t\t\t\t\t\t\t\t\t<\/div>\n\t\t\t\t<\/div>\n\t\t\t\t<\/div>\n\t\t\t\t\t<\/div>\n\t\t\t\t<\/div>\n\t\t<div class=\"elementor-element elementor-element-2b3c3f3 e-flex e-con-boxed e-con e-parent\" data-id=\"2b3c3f3\" data-element_type=\"container\" data-settings=\"{&quot;background_background&quot;:&quot;classic&quot;}\">\n\t\t\t\t\t<div class=\"e-con-inner\">\n\t\t\t\t<div class=\"elementor-element elementor-element-e164b7d elementor-widget-mobile__width-initial elementor-widget elementor-widget-image\" data-id=\"e164b7d\" data-element_type=\"widget\" data-widget_type=\"image.default\">\n\t\t\t\t<div class=\"elementor-widget-container\">\n\t\t\t\t\t\t\t\t\t\t\t\t\t\t\t\t<a href=\"https:\/\/www.brunobritto.com.br\/index.php\/home\">\n\t\t\t\t\t\t\t<img decoding=\"async\" width=\"189\" height=\"159\" src=\"https:\/\/www.brunobritto.com.br\/wp-content\/uploads\/2024\/04\/logo-preto.webp\" class=\"attachment-large size-large wp-image-32\" alt=\"\" \/>\t\t\t\t\t\t\t\t<\/a>\n\t\t\t\t\t\t\t\t\t\t\t\t\t\t\t<\/div>\n\t\t\t\t<\/div>\n\t\t\t\t<div class=\"elementor-element elementor-element-7abc696 elementor-widget-mobile__width-initial elementor-hidden-mobile elementor-widget elementor-widget-spacer\" data-id=\"7abc696\" data-element_type=\"widget\" data-widget_type=\"spacer.default\">\n\t\t\t\t<div class=\"elementor-widget-container\">\n\t\t\t\t\t\t\t<div class=\"elementor-spacer\">\n\t\t\t<div class=\"elementor-spacer-inner\"><\/div>\n\t\t<\/div>\n\t\t\t\t\t\t<\/div>\n\t\t\t\t<\/div>\n\t\t\t\t<div class=\"elementor-element elementor-element-71cf99d elementor-widget-mobile__width-initial elementor-view-default elementor-widget elementor-widget-icon\" data-id=\"71cf99d\" data-element_type=\"widget\" data-widget_type=\"icon.default\">\n\t\t\t\t<div class=\"elementor-widget-container\">\n\t\t\t\t\t\t\t<div class=\"elementor-icon-wrapper\">\n\t\t\t<a class=\"elementor-icon\" href=\"https:\/\/www.instagram.com\/brunobrittooficial\/\">\n\t\t\t<svg xmlns=\"http:\/\/www.w3.org\/2000\/svg\" id=\"Camada_2\" data-name=\"Camada 2\" viewBox=\"0 0 62.76 63.39\"><defs><style>      .cls-1 {        fill: #0e0e0e;        stroke-width: 0px;      }    <\/style><\/defs><g id=\"Camada_1-2\" data-name=\"Camada 1\"><g><path class=\"cls-1\" d=\"M62.76,25.38c-.08-.36-.22-.72-.24-1.08-.06-1.41-.04-2.83-.14-4.24-.12-1.84-.33-3.68-.48-5.52-.1-1.13-.12-2.28-.26-3.4-.23-1.86-.86-3.58-1.94-5.11-1.86-2.65-4.36-4.31-7.57-4.79-1.15-.17-2.31-.26-3.47-.38-1.82-.17-3.64-.34-5.46-.49-.77-.06-1.53-.1-2.3-.13-1.81-.05-3.62-.08-5.43-.13C33.82.07,32.15,0,30.49,0c-2.24,0-4.48.05-6.71.12-1.53.05-3.07.14-4.6.25-1.61.11-3.21.21-4.81.38-1.55.16-3.09.35-4.62.62-1.67.29-3.13,1.09-4.46,2.13-2.28,1.79-3.56,4.2-4.17,6.99-.17.77-.19,1.57-.27,2.35-.17,1.8-.33,3.59-.49,5.39-.06.69-.1,1.38-.12,2.08-.05,1.46-.1,2.91-.12,4.37C.06,28.9,0,33.12,0,37.34c0,1.94.13,3.88.24,5.82.09,1.64.21,3.29.37,4.93.17,1.79.29,3.6.64,5.35.34,1.71,1.13,3.27,2.24,4.65,1.63,2.02,3.69,3.35,6.17,3.98.98.25,2,.35,3.01.46,1.8.19,3.6.34,5.4.5.77.06,1.53.1,2.3.13,1.4.05,2.8.08,4.2.13.1,0,.2.08.3.12h12.75c.12-.04.24-.11.37-.11,1.42-.05,2.84-.05,4.26-.14,1.88-.12,3.76-.32,5.64-.48,1.06-.09,2.13-.14,3.18-.25,2.33-.25,4.44-1.05,6.31-2.53,1.7-1.35,2.89-3.06,3.63-5.08.32-.89.5-1.85.63-2.8.22-1.62.35-3.26.5-4.89.06-.61.1-1.22.12-1.83.05-1.04.07-2.08.13-3.12.07-1.26.16-2.51.25-3.77,0-.04.07-.08.11-.12v-1.24c-.03-.29-.07-.57-.1-.86.03-.37.07-.75.1-1.12v-6.81c-.03-.29-.07-.58-.1-.87l.1-.86v-1.11ZM50.98,39.43c-.01,2.62-.7,5.06-2.24,7.18-1.71,2.35-4.02,3.89-6.81,4.61-.9.23-1.87.26-2.81.27-5.6.02-11.2.07-16.79-.02-1.97-.03-3.82-.83-5.46-1.96-1.71-1.17-3.05-2.7-3.94-4.58-.71-1.51-1.2-3.1-1.18-4.82.03-2.81,0-5.61,0-8.42h0c0-2.93-.06-5.86.02-8.79.06-2.46,1-4.63,2.49-6.56,1.44-1.87,3.28-3.18,5.52-3.83,1.15-.34,2.38-.58,3.57-.6,4.96-.07,9.93-.02,14.89-.03,2.15,0,4.25.25,6.21,1.25,1.52.78,2.81,1.83,3.9,3.17,1.33,1.64,2.11,3.52,2.49,5.58.11.62.15,1.26.15,1.89.01,5.22.02,10.44,0,15.66Z\"><\/path><path class=\"cls-1\" d=\"M44.64,18.06c-1.53-1.48-3.43-2.18-5.53-2.19-5.19-.03-10.38-.02-15.57,0-.75,0-1.51.15-2.25.31-1.65.37-2.92,1.38-3.97,2.66-.95,1.16-1.6,2.55-1.62,4.04-.06,5.65-.02,11.31,0,16.96,0,.56.08,1.12.19,1.67.36,1.83,1.41,3.24,2.79,4.4,1.13.95,2.5,1.54,3.95,1.59,2.85.11,5.72.03,8.58.03,0,0,0-.01,0-.02.96,0,1.92,0,2.88,0,2.11-.03,4.23.03,6.34-.12,1.79-.13,3.29-1.07,4.5-2.37,1.38-1.47,2.09-3.31,2.09-5.31.02-5.59-.02-11.17-.1-16.76-.03-1.94-.92-3.59-2.28-4.9ZM30.83,41.96c-4.99-.22-9.91-4.44-9.62-10.89.22-4.93,4.32-9.68,10.09-9.54,5.75-.14,9.79,4.62,10.13,9.3.48,6.54-4.81,11.38-10.61,11.13ZM41.48,24c-1.18-.04-2.48-1.02-2.39-2.56-.11-1.29.99-2.53,2.36-2.49,1.45.04,2.4.88,2.55,2.26.19,1.7-1.34,2.83-2.53,2.79Z\"><\/path><text><\/text><\/g><\/g><\/svg>\t\t\t<\/a>\n\t\t<\/div>\n\t\t\t\t\t\t<\/div>\n\t\t\t\t<\/div>\n\t\t\t\t<div class=\"elementor-element elementor-element-16260c3 elementor-widget-mobile__width-initial elementor-view-default elementor-widget elementor-widget-icon\" data-id=\"16260c3\" data-element_type=\"widget\" data-widget_type=\"icon.default\">\n\t\t\t\t<div class=\"elementor-widget-container\">\n\t\t\t\t\t\t\t<div class=\"elementor-icon-wrapper\">\n\t\t\t<a class=\"elementor-icon\" href=\"https:\/\/www.facebook.com\/brunobrittooficial?mibextid=LQQJ4d\">\n\t\t\t<svg xmlns=\"http:\/\/www.w3.org\/2000\/svg\" id=\"Camada_2\" data-name=\"Camada 2\" viewBox=\"0 0 62.72 63.39\"><defs><style>      .cls-1 {        fill: #0e0e0e;        stroke-width: 0px;      }    <\/style><\/defs><g id=\"Camada_1-2\" data-name=\"Camada 1\"><path class=\"cls-1\" d=\"M29.77,0c1.31,0,2.61,0,3.92,0,.31.08.62.19.94.24,1.39.23,2.82.33,4.16.71,1.81.5,3.58,1.16,5.32,1.86,3.13,1.26,5.85,3.2,8.33,5.47,1.15,1.05,2.18,2.25,3.19,3.44,2.32,2.74,4,5.86,5.21,9.24.74,2.06,1.27,4.19,1.51,6.38.07.62.24,1.23.36,1.85v5.2c-.08.12-.22.24-.24.37-.14.93-.23,1.88-.38,2.81-.43,2.65-1.28,5.17-2.4,7.6-1.25,2.68-2.86,5.11-4.79,7.34-1.44,1.67-3.04,3.17-4.78,4.5-2.04,1.56-4.25,2.86-6.63,3.85-1.12.47-2.26.86-3.43,1.3v-23.5h6.67c.34-2.64.67-5.24,1.01-7.9h-7.69c0-2.19-.08-4.31.04-6.43.05-.96.72-2.02,1.9-2.18.79-.11,1.58-.25,2.37-.28,1.2-.05,2.4-.01,3.62-.01v-6.98c-.21-.05-.42-.14-.63-.15-1.61-.09-3.23-.22-4.84-.24-1.06,0-2.14.05-3.18.25-2.34.46-4.32,1.56-5.68,3.64-1.2,1.82-1.74,3.82-1.74,5.98,0,2-.01,4-.02,6,0,.12-.03.23-.06.42h-6.64v7.92h6.67v24.7c-1.12-.06-2.21-.09-3.3-.19-1.09-.1-2.2-.17-3.27-.4-2.28-.48-4.48-1.19-6.62-2.14-3.29-1.45-6.22-3.45-8.83-5.9-1.13-1.07-2.12-2.3-3.12-3.5-2.17-2.62-3.72-5.61-4.91-8.81-1.01-2.72-1.65-5.54-1.79-8.42-.12-2.34-.03-4.72.25-7.05.27-2.29.94-4.51,1.76-6.68,1.44-3.83,3.54-7.25,6.31-10.21,1.48-1.59,3.14-3.06,4.9-4.33C17.28,2.87,21.77,1.09,26.66.36,27.38.26,28.08.12,28.79,0c.16,0,.33,0,.49,0h.49Z\"><\/path><\/g><\/svg>\t\t\t<\/a>\n\t\t<\/div>\n\t\t\t\t\t\t<\/div>\n\t\t\t\t<\/div>\n\t\t\t\t<div class=\"elementor-element elementor-element-891553d elementor-widget-mobile__width-initial elementor-view-default elementor-widget elementor-widget-icon\" data-id=\"891553d\" data-element_type=\"widget\" data-widget_type=\"icon.default\">\n\t\t\t\t<div class=\"elementor-widget-container\">\n\t\t\t\t\t\t\t<div class=\"elementor-icon-wrapper\">\n\t\t\t<a class=\"elementor-icon\" href=\"\">\n\t\t\t<svg xmlns=\"http:\/\/www.w3.org\/2000\/svg\" id=\"Camada_2\" data-name=\"Camada 2\" viewBox=\"0 0 62.89 63.39\"><defs><style>      .cls-1 {        fill: #0e0e0e;        stroke-width: 0px;      }    <\/style><\/defs><g id=\"Camada_1-2\" data-name=\"Camada 1\"><path class=\"cls-1\" d=\"M27.33.15c10.76-.85,19.16,2,26.11,8.79,5.3,5.18,8.45,11.52,9.23,18.94,1.05,9.97-1.79,18.69-8.71,25.93-5.28,5.52-11.8,8.69-19.35,9.42-9.75.94-18.23-2.13-25.26-9.02C4,48.95.89,42.46.17,34.97c-.94-9.85,2.01-18.47,8.88-25.58C14.36,3.88,20.9.83,27.33.15ZM9.76,21.45c-.03.8.22,1.5.77,2.07.69.71,1.53,1.19,2.52.92,3.01-.82,6.07-1.4,9.18-1.64,1.31-.1,2.62-.15,3.93-.18.74-.02,1.49.05,2.23.08,1.16.06,2.32.09,3.47.19,1.43.12,2.86.22,4.27.47,1.79.31,3.57.68,5.33,1.13,3.03.78,5.93,1.94,8.63,3.55,1.48.88,3.24.23,3.99-1.06.83-1.44.37-3.2-1.11-4.08-4.74-2.81-9.93-4.37-15.31-5.28-2.01-.34-4.06-.55-6.09-.73-1.53-.14-3.07-.15-4.6-.19-.56-.01-1.13.05-1.69.08-1.56.09-3.12.14-4.68.28-1.34.12-2.69.29-4.01.54-1.6.3-3.17.7-4.75,1.08-1.09.26-2.13,1.5-2.08,2.75ZM26.27,32.48c1.69.16,3.54.29,5.39.51,1.44.17,2.87.4,4.28.71,3.7.82,7.2,2.16,10.45,4.14.52.32,1.08.51,1.74.33,1.06-.29,1.79-1.02,1.93-2.17.1-.86-.21-1.81-1.17-2.36-1.11-.63-2.22-1.26-3.37-1.82-3.48-1.7-7.16-2.76-10.95-3.44-1.33-.24-2.69-.35-4.04-.48-1.2-.12-2.4-.27-3.6-.24-2.1.04-4.2.17-6.3.34-2.41.2-4.76.75-7.08,1.46-1.22.37-2.21,1.98-1.43,3.45.46.87,1.57,1.56,2.76,1.28,2-.47,4-.95,6.03-1.26,1.71-.26,3.45-.29,5.35-.44ZM25.91,37.95c-1.17.09-3.06.17-4.92.41-2.11.28-4.19.7-6.28,1.08-.56.1-.99.44-1.26.94-.42.75-.35,1.51.14,2.18.4.54,1,.88,1.7.78.91-.14,1.8-.4,2.71-.53,2.06-.3,4.12-.68,6.2-.78,2.05-.1,4.13-.21,6.18.14,1.61.28,3.24.44,4.83.81,2.81.64,5.43,1.79,7.91,3.28.27.17.59.31.9.34.95.09,1.82-.49,2.06-1.34.28-.97-.13-1.87-.9-2.33-3.44-2.07-7.12-3.49-11.07-4.24-2.48-.47-4.97-.66-8.18-.74Z\"><\/path><\/g><\/svg>\t\t\t<\/a>\n\t\t<\/div>\n\t\t\t\t\t\t<\/div>\n\t\t\t\t<\/div>\n\t\t\t\t<div class=\"elementor-element elementor-element-6b3ee1e elementor-view-default elementor-widget elementor-widget-icon\" data-id=\"6b3ee1e\" data-element_type=\"widget\" data-widget_type=\"icon.default\">\n\t\t\t\t<div class=\"elementor-widget-container\">\n\t\t\t\t\t\t\t<div class=\"elementor-icon-wrapper\">\n\t\t\t<a class=\"elementor-icon\" href=\"https:\/\/youtube.com\/@BrunoBritto05?si=Za9fBoSXDstutDqf\">\n\t\t\t<svg xmlns=\"http:\/\/www.w3.org\/2000\/svg\" id=\"Camada_2\" data-name=\"Camada 2\" viewBox=\"0 0 77.03 54.36\"><defs><style>      .cls-1 {        fill: #0e0e0e;        stroke-width: 0px;      }    <\/style><\/defs><g id=\"Camada_1-2\" data-name=\"Camada 1\"><path class=\"cls-1\" d=\"M17.06.63c1.83-.13,3.66-.26,5.5-.39.22-.02.45,0,.67,0,2.3-.04,4.6-.09,6.9-.12C34.5.07,38.86.01,43.22,0c2.34,0,4.68.06,7.02.13,2.05.06,4.1.14,6.14.24,2.04.1,4.08.19,6.11.38,2.16.21,4.35.31,6.44.97,1.23.38,2.34.98,3.33,1.81,2.13,1.79,3.16,4.17,3.54,6.88.29,2.01.61,4.02.85,6.04.15,1.31.22,2.64.25,3.96.07,3.64.13,7.27.11,10.91,0,1.68-.22,3.36-.35,5.05-.11,1.39-.18,2.79-.38,4.18-.36,2.51-.45,5.1-1.71,7.39-1.44,2.62-3.63,4.28-6.56,4.82-1.83.34-3.68.55-5.52.74-1.79.18-3.58.28-5.37.38-1.07.06-2.15.09-3.22.12-3.03.09-6.05.17-9.08.25-1.4.03-2.79.02-4.19.04-2.04.03-4.08.08-6.12.08-2.1,0-4.19-.07-6.29-.12-1.16-.03-2.31-.07-3.47-.12-1.82-.08-3.65-.14-5.47-.25-1.61-.1-3.22-.2-4.82-.37-2.2-.24-4.45-.27-6.57-1-3.4-1.18-5.56-3.59-6.37-7.11-.41-1.79-.64-3.64-.88-5.47-.19-1.45-.24-2.91-.38-4.36C-.16,31.09.06,26.61.05,22.14c0-1.95.18-3.9.36-5.85.18-1.94.45-3.88.73-5.82.38-2.62,1.32-4.97,3.36-6.76,1.38-1.21,2.97-2,4.8-2.24,1.77-.23,3.54-.42,5.31-.62.82-.1,1.64-.2,2.46-.3,0,.02,0,.05,0,.07ZM31.18,38.67c1.91-1.11,3.81-2.23,5.72-3.33,4.75-2.74,9.51-5.47,14.3-8.22-6.7-3.88-13.36-7.73-20.1-11.62v23.14s0,.06-.01.09c.03-.02.06-.04.09-.06Z\"><\/path><\/g><\/svg>\t\t\t<\/a>\n\t\t<\/div>\n\t\t\t\t\t\t<\/div>\n\t\t\t\t<\/div>\n\t\t\t\t<div class=\"elementor-element elementor-element-0318d5c elementor-widget elementor-widget-spacer\" data-id=\"0318d5c\" data-element_type=\"widget\" data-widget_type=\"spacer.default\">\n\t\t\t\t<div class=\"elementor-widget-container\">\n\t\t\t\t\t\t\t<div class=\"elementor-spacer\">\n\t\t\t<div class=\"elementor-spacer-inner\"><\/div>\n\t\t<\/div>\n\t\t\t\t\t\t<\/div>\n\t\t\t\t<\/div>\n\t\t\t\t<div class=\"elementor-element elementor-element-b9b633a elementor-widget__width-initial elementor-widget-mobile__width-initial elementor-widget elementor-widget-heading\" data-id=\"b9b633a\" data-element_type=\"widget\" data-widget_type=\"heading.default\">\n\t\t\t\t<div class=\"elementor-widget-container\">\n\t\t\t\t\t<h2 class=\"elementor-heading-title elementor-size-default\">Apoio:<\/h2>\t\t\t\t<\/div>\n\t\t\t\t<\/div>\n\t\t\t\t<div class=\"elementor-element elementor-element-b3761e1 elementor-hidden-desktop elementor-widget elementor-widget-spacer\" data-id=\"b3761e1\" data-element_type=\"widget\" data-widget_type=\"spacer.default\">\n\t\t\t\t<div class=\"elementor-widget-container\">\n\t\t\t\t\t\t\t<div class=\"elementor-spacer\">\n\t\t\t<div class=\"elementor-spacer-inner\"><\/div>\n\t\t<\/div>\n\t\t\t\t\t\t<\/div>\n\t\t\t\t<\/div>\n\t\t\t\t<div class=\"elementor-element elementor-element-566382b elementor-widget__width-initial elementor-widget elementor-widget-image\" data-id=\"566382b\" data-element_type=\"widget\" data-widget_type=\"image.default\">\n\t\t\t\t<div class=\"elementor-widget-container\">\n\t\t\t\t\t\t\t\t\t\t\t\t\t\t\t<img decoding=\"async\" src=\"https:\/\/www.brunobritto.com.br\/wp-content\/plugins\/elementor\/assets\/images\/placeholder.png\" title=\"\" alt=\"\" loading=\"lazy\" \/>\t\t\t\t\t\t\t\t\t\t\t\t\t\t\t<\/div>\n\t\t\t\t<\/div>\n\t\t\t\t<div class=\"elementor-element elementor-element-c01d9c4 elementor-widget__width-initial elementor-widget elementor-widget-image\" data-id=\"c01d9c4\" data-element_type=\"widget\" data-widget_type=\"image.default\">\n\t\t\t\t<div class=\"elementor-widget-container\">\n\t\t\t\t\t\t\t\t\t\t\t\t\t\t\t<img decoding=\"async\" src=\"https:\/\/www.brunobritto.com.br\/wp-content\/plugins\/elementor\/assets\/images\/placeholder.png\" title=\"\" alt=\"\" loading=\"lazy\" \/>\t\t\t\t\t\t\t\t\t\t\t\t\t\t\t<\/div>\n\t\t\t\t<\/div>\n\t\t\t\t<div class=\"elementor-element elementor-element-3eec015 elementor-widget__width-initial elementor-widget elementor-widget-image\" data-id=\"3eec015\" data-element_type=\"widget\" data-widget_type=\"image.default\">\n\t\t\t\t<div class=\"elementor-widget-container\">\n\t\t\t\t\t\t\t\t\t\t\t\t\t\t\t<img decoding=\"async\" src=\"https:\/\/www.brunobritto.com.br\/wp-content\/plugins\/elementor\/assets\/images\/placeholder.png\" title=\"\" alt=\"\" loading=\"lazy\" \/>\t\t\t\t\t\t\t\t\t\t\t\t\t\t\t<\/div>\n\t\t\t\t<\/div>\n\t\t\t\t<div class=\"elementor-element elementor-element-3b781f8 elementor-widget__width-initial elementor-widget elementor-widget-image\" data-id=\"3b781f8\" data-element_type=\"widget\" data-widget_type=\"image.default\">\n\t\t\t\t<div class=\"elementor-widget-container\">\n\t\t\t\t\t\t\t\t\t\t\t\t\t\t\t<img decoding=\"async\" src=\"https:\/\/www.brunobritto.com.br\/wp-content\/plugins\/elementor\/assets\/images\/placeholder.png\" title=\"\" alt=\"\" loading=\"lazy\" \/>\t\t\t\t\t\t\t\t\t\t\t\t\t\t\t<\/div>\n\t\t\t\t<\/div>\n\t\t\t\t\t<\/div>\n\t\t\t\t<\/div>\n\t\t\t\t<\/div>\n\t\t","protected":false},"excerpt":{"rendered":"<p>Saiba mais sobre Bruno Britto e sua trajet\u00f3ria Experi\u00eancia musical em sua pura e m\u00e1xima ess\u00eancia! \u00c9 isso que voc\u00ea encontra quando me visita aqui. Sei que buscamos nos divertir, distrairmos nossas mentes e nos realizarmos por meio da m\u00fasica, mas n\u00e3o se resume apenas a isso, visto que trago interpreta\u00e7\u00f5es de grandes cl\u00e1ssicos do [&hellip;]<\/p>\n","protected":false},"author":2,"featured_media":0,"parent":0,"menu_order":0,"comment_status":"closed","ping_status":"closed","template":"elementor_header_footer","meta":{"footnotes":""},"class_list":["post-48","page","type-page","status-publish","hentry"],"_links":{"self":[{"href":"https:\/\/www.brunobritto.com.br\/index.php\/wp-json\/wp\/v2\/pages\/48","targetHints":{"allow":["GET"]}}],"collection":[{"href":"https:\/\/www.brunobritto.com.br\/index.php\/wp-json\/wp\/v2\/pages"}],"about":[{"href":"https:\/\/www.brunobritto.com.br\/index.php\/wp-json\/wp\/v2\/types\/page"}],"author":[{"embeddable":true,"href":"https:\/\/www.brunobritto.com.br\/index.php\/wp-json\/wp\/v2\/users\/2"}],"replies":[{"embeddable":true,"href":"https:\/\/www.brunobritto.com.br\/index.php\/wp-json\/wp\/v2\/comments?post=48"}],"version-history":[{"count":24,"href":"https:\/\/www.brunobritto.com.br\/index.php\/wp-json\/wp\/v2\/pages\/48\/revisions"}],"predecessor-version":[{"id":370,"href":"https:\/\/www.brunobritto.com.br\/index.php\/wp-json\/wp\/v2\/pages\/48\/revisions\/370"}],"wp:attachment":[{"href":"https:\/\/www.brunobritto.com.br\/index.php\/wp-json\/wp\/v2\/media?parent=48"}],"curies":[{"name":"wp","href":"https:\/\/api.w.org\/{rel}","templated":true}]}}